{"id":3373,"date":"2020-10-07T20:28:19","date_gmt":"2020-10-07T20:28:19","guid":{"rendered":"https:\/\/morganimportexport.com\/?post_type=product&#038;p=3373"},"modified":"2020-10-08T16:41:16","modified_gmt":"2020-10-08T16:41:16","slug":"coco-verde-coco-de-agua","status":"publish","type":"product","link":"https:\/\/morganimportexport.com\/en\/product\/coco-verde-coco-de-agua\/","title":{"rendered":"COCO VERDE \u2013 COCO DE AGUA"},"content":{"rendered":"<table width=\"673\">\n<tbody>\n<tr>\n<td width=\"313\">Descripci\u00f3n<\/td>\n<td width=\"359\">El coco es una fruta tropical obtenida del cocotero<a href=\"https:\/\/es.wikipedia.org\/wiki\/Cocos_nucifera\">, <\/a>la palmera m\u00e1s cultivada a nivel mundial. Tiene una c\u00e1scara exterior gruesa\u00a0 y un <a href=\"https:\/\/es.wikipedia.org\/wiki\/Mesocarpio\">\u00a0<\/a>fibroso y otra interior dura, vellosa y marr\u00f3n que tiene adherida la pulpa, que es blanca y arom\u00e1tica. Mide de 20 a 30 cm y llega a pesar 2,6 kg.<\/p>\n<p>El coco verde contiene una cantidad de agua superior al coco maduro, el cual contiene m\u00e1s carne. Entonces, cuando uno quiere favorecer particularmente el agua de coco y su contenido en electr\u00f3litos, los cocos se cosechan verdes. Es muy importante consumir el agua de coco verde en seguida de la apertura del coco. De un coco verde se pueden extraer entre 250 y 500 mililitros de agua de coco.<\/p>\n<p>La frescura se nota cuando est\u00e1 entero en la cantidad de agua que tiene por dentro, al sacudirlo entre m\u00e1s agua estar\u00e1 m\u00e1s fresco.<\/td>\n<\/tr>\n<tr>\n<td width=\"313\">Conservaci\u00f3n<\/td>\n<td width=\"359\">A temperatura ambiente, en clima fr\u00edo y con agua adentro 20 d\u00edas<\/td>\n<\/tr>\n<tr>\n<td width=\"313\">Empaque<\/td>\n<td width=\"359\">Saco por 30 unidades<\/td>\n<\/tr>\n<\/tbody>\n<\/table>","protected":false},"excerpt":{"rendered":"<p>El coco verde contiene una cantidad de agua superior al coco maduro, el cual contiene m\u00e1s carne. Entonces, cuando uno quiere favorecer particularmente el agua de coco y su contenido en electr\u00f3litos, los cocos se cosechan verdes.<\/p>","protected":false},"featured_media":3375,"comment_status":"open","ping_status":"closed","template":"","meta":{"amp_status":""},"class_list":["post-3373","product","type-product","status-publish","has-post-thumbnail","hentry","product_cat-frutas"],"_links":{"self":[{"href":"https:\/\/morganimportexport.com\/en\/wp-json\/wp\/v2\/product\/3373","targetHints":{"allow":["GET"]}}],"collection":[{"href":"https:\/\/morganimportexport.com\/en\/wp-json\/wp\/v2\/product"}],"about":[{"href":"https:\/\/morganimportexport.com\/en\/wp-json\/wp\/v2\/types\/product"}],"replies":[{"embeddable":true,"href":"https:\/\/morganimportexport.com\/en\/wp-json\/wp\/v2\/comments?post=3373"}],"wp:featuredmedia":[{"embeddable":true,"href":"https:\/\/morganimportexport.com\/en\/wp-json\/wp\/v2\/media\/3375"}],"wp:attachment":[{"href":"https:\/\/morganimportexport.com\/en\/wp-json\/wp\/v2\/media?parent=3373"}],"curies":[{"name":"wp","href":"https:\/\/api.w.org\/{rel}","templated":true}]}}