{"id":3370,"date":"2020-10-07T20:24:37","date_gmt":"2020-10-07T20:24:37","guid":{"rendered":"https:\/\/morganimportexport.com\/?post_type=product&#038;p=3370"},"modified":"2020-10-08T16:41:20","modified_gmt":"2020-10-08T16:41:20","slug":"coco-seco","status":"publish","type":"product","link":"https:\/\/morganimportexport.com\/en\/product\/coco-seco\/","title":{"rendered":"COCO SECO"},"content":{"rendered":"<table width=\"697\">\n<tbody>\n<tr>\n<td width=\"136\">Descripci\u00f3n<\/td>\n<td width=\"561\">El coco es una fruta tropical obtenida del cocotero (Cocos nucifera), la palmera m\u00e1s cultivada a nivel mundial. Tiene una c\u00e1scara exterior gruesa exocarpio y un mesocarpio fibroso y otra interior dura, vellosa y marr\u00f3n que tiene adherida la pulpa, que es blanca y arom\u00e1tica. Mide de 20 a 30 cm y llega a pesar 2,6 kg.<\/p>\n<p>La frescura se nota cuando est\u00e1 entero en la cantidad de agua que tiene por dentro, al sacudirlo entre m\u00e1s agua estar\u00e1 m\u00e1s fresco.<\/td>\n<\/tr>\n<tr>\n<td width=\"136\">Conservaci\u00f3n:<\/td>\n<td width=\"561\">A temperatura ambiente, en clima fr\u00edo y con agua adentro 20 d\u00edas<\/td>\n<\/tr>\n<tr>\n<td width=\"136\">Empaque<\/td>\n<td width=\"561\">Saco por 40 unidades<b>.<\/b><\/td>\n<\/tr>\n<\/tbody>\n<\/table>","protected":false},"excerpt":{"rendered":"<p>&nbsp;<\/p>\n<p>El coco es una fruta tropical obtenida del cocotero (Cocos nucifera), la palmera m\u00e1s cultivada a nivel mundial. Tiene una c\u00e1scara exterior gruesa exocarpio y un mesocarpio fibroso y otra interior dura, vellosa y marr\u00f3n que tiene adherida la pulpa, que es blanca y arom\u00e1tica. Mide de 20 a 30 cm y llega a pesar 2,6 kg.<\/p>","protected":false},"featured_media":3372,"comment_status":"open","ping_status":"closed","template":"","meta":{"amp_status":""},"class_list":["post-3370","product","type-product","status-publish","has-post-thumbnail","hentry","product_cat-frutas"],"_links":{"self":[{"href":"https:\/\/morganimportexport.com\/en\/wp-json\/wp\/v2\/product\/3370","targetHints":{"allow":["GET"]}}],"collection":[{"href":"https:\/\/morganimportexport.com\/en\/wp-json\/wp\/v2\/product"}],"about":[{"href":"https:\/\/morganimportexport.com\/en\/wp-json\/wp\/v2\/types\/product"}],"replies":[{"embeddable":true,"href":"https:\/\/morganimportexport.com\/en\/wp-json\/wp\/v2\/comments?post=3370"}],"wp:featuredmedia":[{"embeddable":true,"href":"https:\/\/morganimportexport.com\/en\/wp-json\/wp\/v2\/media\/3372"}],"wp:attachment":[{"href":"https:\/\/morganimportexport.com\/en\/wp-json\/wp\/v2\/media?parent=3370"}],"curies":[{"name":"wp","href":"https:\/\/api.w.org\/{rel}","templated":true}]}}