{"id":3368,"date":"2020-10-07T20:24:37","date_gmt":"2020-10-07T20:24:37","guid":{"rendered":"https:\/\/morganimportexport.com\/?post_type=product&#038;p=3368"},"modified":"2020-10-08T00:50:33","modified_gmt":"2020-10-08T00:50:33","slug":"curuba","status":"publish","type":"product","link":"https:\/\/morganimportexport.com\/en\/product\/curuba\/","title":{"rendered":"CURUBA"},"content":{"rendered":"<table width=\"589\">\n<tbody>\n<tr>\n<td width=\"210\"><b>Descripci\u00f3n<\/b><\/td>\n<td width=\"379\"><b>La curuba (Passiflora mollisima) es otra de las frutas populares que se consumen mucho en Colombia. Es una baya alargada con una pulpa jugosa\u00a0que contiene mucha semillas, su sabor es un poco \u00e1cido<\/b><\/p>\n<p><b>Es rica en fibra por lo que su consumo es bueno para quienes sufren de estre\u00f1imiento.<\/b><\/p>\n<p><b>Es fuente de calcio, f\u00f3sforo, hierro y vitaminas A, B1, B2, B3 y C.<\/b><\/p>\n<p><b>Tiene propiedades sedantes que la hacen ideal para disminuir el estr\u00e9s inducir el sue\u00f1o y reducir la ansiedad.<\/b><\/p>\n<p><b>Tiene efectos antiespasm\u00f3dico.<\/b><\/p>\n<p><b>Sirve como diur\u00e9tico natural. Ayuda a quienes sufren de retenci\u00f3n de l\u00edquidos en el cuerpo.<\/b><\/p>\n<p><b>Ayuda con la presi\u00f3n arterial alta.<\/b><\/p>\n<p><b>Tiene bajo aporte cal\u00f3rico y alto contenido de agua y fibra<\/b><b>.<\/b><\/td>\n<\/tr>\n<tr>\n<td width=\"210\"><b>Almacenamiento<\/b><\/td>\n<td width=\"379\"><b>Se conserva 2 semanas en un lugar fresco. Temperatura \u00f3ptima: 6-7 \u00ba C% H.R.: 80-90%.<\/b><\/td>\n<\/tr>\n<tr>\n<td width=\"210\"><b>Empaque<\/b><\/td>\n<td width=\"379\"><b>Caja de 5 kilos-<\/b><\/td>\n<\/tr>\n<\/tbody>\n<\/table>","protected":false},"excerpt":{"rendered":"<p>&nbsp;<\/p>\n<p><b>La curuba (Passiflora mollisima) es otra de las frutas populares que se consumen mucho en Colombia. Es una baya alargada con una pulpa jugosa\u00a0que contiene mucha semillas, su sabor es un poco \u00e1cido<\/b><\/p>\n<p><b>Es rica en fibra por lo que su consumo es bueno para quienes sufren de estre\u00f1imiento.<\/b><\/p>\n<p><b>Es fuente de calcio, f\u00f3sforo, hierro y vitaminas A, B1, B2, B3 y C.<\/b><\/p>","protected":false},"featured_media":3371,"comment_status":"open","ping_status":"closed","template":"","meta":{"amp_status":""},"class_list":["post-3368","product","type-product","status-publish","has-post-thumbnail","hentry","product_cat-frutas"],"_links":{"self":[{"href":"https:\/\/morganimportexport.com\/en\/wp-json\/wp\/v2\/product\/3368","targetHints":{"allow":["GET"]}}],"collection":[{"href":"https:\/\/morganimportexport.com\/en\/wp-json\/wp\/v2\/product"}],"about":[{"href":"https:\/\/morganimportexport.com\/en\/wp-json\/wp\/v2\/types\/product"}],"replies":[{"embeddable":true,"href":"https:\/\/morganimportexport.com\/en\/wp-json\/wp\/v2\/comments?post=3368"}],"wp:featuredmedia":[{"embeddable":true,"href":"https:\/\/morganimportexport.com\/en\/wp-json\/wp\/v2\/media\/3371"}],"wp:attachment":[{"href":"https:\/\/morganimportexport.com\/en\/wp-json\/wp\/v2\/media?parent=3368"}],"curies":[{"name":"wp","href":"https:\/\/api.w.org\/{rel}","templated":true}]}}