{"id":3363,"date":"2020-10-07T20:05:22","date_gmt":"2020-10-07T20:05:22","guid":{"rendered":"https:\/\/morganimportexport.com\/?post_type=product&#038;p=3363"},"modified":"2020-10-08T16:41:41","modified_gmt":"2020-10-08T16:41:41","slug":"pulpas-de-frutas","status":"publish","type":"product","link":"https:\/\/morganimportexport.com\/en\/product\/pulpas-de-frutas\/","title":{"rendered":"PULPAS DE FRUTAS"},"content":{"rendered":"<table width=\"674\">\n<tbody>\n<tr>\n<td width=\"241\">Ingredientes<\/td>\n<td width=\"433\">Fruta 100 % natural, sin aditivos ni conservantes<\/td>\n<\/tr>\n<tr>\n<td width=\"241\">&nbsp;<\/p>\n<p>Empaque primario<\/td>\n<td width=\"433\">Bolsa de polietileno de 125, 250, 500 y 1.000 gramos. Caneca pl\u00e1stica de 25 kilos<\/p>\n<p>Tambores de 280 kilos<\/td>\n<\/tr>\n<tr>\n<td width=\"241\">Empaque secundario<\/td>\n<td width=\"433\">Caja de 12 kilos peso neto. Tama\u00f1o de caja 40 cms.. X 30 cms.. X 22 cms&#8230; Canecas pl\u00e1sticas de 24 litros y tambores met\u00e1licos de 280 kilos.<\/td>\n<\/tr>\n<tr>\n<td width=\"241\">Vida \u00fatil<\/td>\n<td width=\"433\">1 a\u00f1o para el producto congelado empacado<\/td>\n<\/tr>\n<tr>\n<td width=\"241\">Descripci\u00f3n<\/td>\n<td width=\"433\">Caja marcada con el nombre del producto, registro de la planta o permiso sanitario, fecha de empaque, lote y fecha de vencimiento<\/td>\n<\/tr>\n<tr>\n<td width=\"241\">Cajas por estiba<\/td>\n<td width=\"433\">80.<\/td>\n<\/tr>\n<tr>\n<td width=\"241\">Estibas por contenedor<\/td>\n<td width=\"433\">20 para contenedor de 40 pies reefer<\/td>\n<\/tr>\n<tr>\n<td width=\"241\">Cajas por contenedor<\/td>\n<td width=\"433\">1600 \u2013 1000 canecas pl\u00e1sticas y 100 tambores<\/td>\n<\/tr>\n<\/tbody>\n<\/table>\n<table width=\"638\">\n<tbody>\n<tr>\n<td colspan=\"2\" width=\"291\"><b>PRODUCTO<\/b><\/td>\n<td colspan=\"3\" width=\"347\"><b>CARACTERISTICAS FISICO &#8211; QUIMICAS<\/b><\/td>\n<\/tr>\n<tr>\n<td width=\"143\"><b>\u00a0<\/b><\/p>\n<p><b>\u00a0<\/b><\/p>\n<p><b>Nombre Espa\u00f1ol<\/b><\/td>\n<td width=\"148\"><b>\u00a0<\/b><\/p>\n<p><b>\u00a0<\/b><\/p>\n<p><b>Nombre Ingl\u00e9s<\/b><\/td>\n<td width=\"101\"><b>\u00a0<\/b><\/p>\n<p><b>\u00a0<\/b><\/p>\n<p><b>pH (a 20\u00b0C)<\/b><\/td>\n<td width=\"145\"><b>% de acidez (como \u00e1cido c\u00edtrico)<\/b><\/td>\n<td width=\"101\"><b>\u00a0<\/b><\/p>\n<p><b>\u00a0<\/b><\/p>\n<p><b>Grados Brix<\/b><\/td>\n<\/tr>\n<tr>\n<td width=\"143\">Boroj\u00f3<\/td>\n<td width=\"148\">Borojoa<\/td>\n<td width=\"101\">2,75 &#8211; 2,85<\/td>\n<td width=\"145\">3,05 &#8211; 3,27<\/td>\n<td width=\"101\">24,9 &#8211; 28,0<\/td>\n<\/tr>\n<tr>\n<td width=\"143\">Curuba<\/td>\n<td width=\"148\">Molli fruti<\/td>\n<td width=\"101\">3,30 \u2013 3,80<\/td>\n<td width=\"145\">1,00 \u2013 1,60<\/td>\n<td width=\"101\">8,00 \u2013 10,5<\/td>\n<\/tr>\n<tr>\n<td width=\"143\">Fresa<\/td>\n<td width=\"148\">Strawberry<\/td>\n<td width=\"101\">3,34 \u2013 3,60<\/td>\n<td width=\"145\">0,90 \u2013 1,40<\/td>\n<td width=\"101\">7,50 \u2013 8,00<\/td>\n<\/tr>\n<tr>\n<td width=\"143\">Guan\u00e1bana<\/td>\n<td width=\"148\">Soursop\/Sour Fruti<\/td>\n<td width=\"101\">3,85 \u2013 4,14<\/td>\n<td width=\"145\">0,20 \u2013 1,40<\/td>\n<td width=\"101\">12,0 \u2013 15,0<\/td>\n<\/tr>\n<tr>\n<td width=\"143\">Guayaba<\/td>\n<td width=\"148\">Guava<\/td>\n<td width=\"101\">3,50 \u2013 4,20<\/td>\n<td width=\"145\">0,70 \u2013 1,20<\/td>\n<td width=\"101\">8,00 \u2013 9,00<\/td>\n<\/tr>\n<tr>\n<td width=\"143\">Lim\u00f3n<\/td>\n<td width=\"148\">Lemon<\/td>\n<td width=\"101\">1,50 \u2013 2,00<\/td>\n<td width=\"145\">4,50 \u2013 7,40<\/td>\n<td width=\"101\">8,00 \u2013 11,0<\/td>\n<\/tr>\n<tr>\n<td width=\"143\">Lulo<\/td>\n<td width=\"148\">Lulo<\/td>\n<td width=\"101\">3,12 \u2013 3,50<\/td>\n<td width=\"145\">1,00 \u2013 3,40<\/td>\n<td width=\"101\">6,00 \u2013 9,00<\/td>\n<\/tr>\n<tr>\n<td width=\"143\">Mango<\/td>\n<td width=\"148\">Mango<\/td>\n<td width=\"101\">3,72 \u2013 4,30<\/td>\n<td width=\"145\">0,30 \u2013 0,80<\/td>\n<td width=\"101\">13,0 \u2013 15,0<\/td>\n<\/tr>\n<tr>\n<td width=\"143\">Maracuy\u00e1<\/td>\n<td width=\"148\">Passion Fruit<\/td>\n<td width=\"101\">2,80 \u2013 2,90<\/td>\n<td width=\"145\">5,10 \u2013 5,80<\/td>\n<td width=\"101\">13,0 \u2013 14, 0<\/td>\n<\/tr>\n<tr>\n<td width=\"143\">Mora<\/td>\n<td width=\"148\">Blackberry<\/td>\n<td width=\"101\">2,90 \u2013 3,20<\/td>\n<td width=\"145\">2,00 \u2013 3,00<\/td>\n<td width=\"101\">6,00 \u2013 8,50<\/td>\n<\/tr>\n<tr>\n<td width=\"143\">Papaya<\/td>\n<td width=\"148\">Papaya<\/td>\n<td width=\"101\">4,00 &#8211; 4,50<\/td>\n<td width=\"145\">0,30 &#8211; 0,40<\/td>\n<td width=\"101\">7,00 &#8211; 11,0<\/td>\n<\/tr>\n<tr>\n<td width=\"143\">Pi\u00f1a<\/td>\n<td width=\"148\">Pineapple<\/td>\n<td width=\"101\">3,30 \u2013 3,60<\/td>\n<td width=\"145\">0,30 &#8211; 1,40<\/td>\n<td width=\"101\">11,0 \u2013 12,0<\/td>\n<\/tr>\n<tr>\n<td width=\"143\">Pitahaya<\/td>\n<td width=\"148\">Pitahaya<\/td>\n<td width=\"101\">4,12 &#8211; 4,25<\/td>\n<td width=\"145\">0,25 &#8211; 0,30<\/td>\n<td width=\"101\">11,0 &#8211; 11.4<\/td>\n<\/tr>\n<tr>\n<td width=\"143\">Tamarillo<\/td>\n<td width=\"148\">Tamarillo<\/td>\n<td width=\"101\">2,50 \u2013 3,80<\/td>\n<td width=\"145\">0,90 \u2013 1,80<\/td>\n<td width=\"101\">10,0 \u2013 11,0<\/td>\n<\/tr>\n<tr>\n<td width=\"143\">Tomate de \u00e1rbol<\/td>\n<td width=\"148\">Tomato Fruit<\/td>\n<td width=\"101\">3,50 \u2013 3,97<\/td>\n<td width=\"145\">0,90 \u2013 1,80<\/td>\n<td width=\"101\">10,0 \u2013 11,0<\/td>\n<\/tr>\n<tr>\n<td width=\"143\">Tamarindo<\/td>\n<td width=\"148\">Tamarind<\/td>\n<td width=\"101\">2,20 \u2013 4,00<\/td>\n<td width=\"145\">1,60 \u2013 2,30<\/td>\n<td width=\"101\">14,0 \u2013 18,0<\/td>\n<\/tr>\n<\/tbody>\n<\/table>","protected":false},"excerpt":{"rendered":"<p>Fruta 100 % natural, sin aditivos ni conservantes<\/p>\n<p>16 frutas diferentes.<\/p>","protected":false},"featured_media":3365,"comment_status":"open","ping_status":"closed","template":"","meta":{"amp_status":""},"class_list":["post-3363","product","type-product","status-publish","has-post-thumbnail","hentry","product_cat-congelados","product_cat-frutas"],"_links":{"self":[{"href":"https:\/\/morganimportexport.com\/en\/wp-json\/wp\/v2\/product\/3363","targetHints":{"allow":["GET"]}}],"collection":[{"href":"https:\/\/morganimportexport.com\/en\/wp-json\/wp\/v2\/product"}],"about":[{"href":"https:\/\/morganimportexport.com\/en\/wp-json\/wp\/v2\/types\/product"}],"replies":[{"embeddable":true,"href":"https:\/\/morganimportexport.com\/en\/wp-json\/wp\/v2\/comments?post=3363"}],"wp:featuredmedia":[{"embeddable":true,"href":"https:\/\/morganimportexport.com\/en\/wp-json\/wp\/v2\/media\/3365"}],"wp:attachment":[{"href":"https:\/\/morganimportexport.com\/en\/wp-json\/wp\/v2\/media?parent=3363"}],"curies":[{"name":"wp","href":"https:\/\/api.w.org\/{rel}","templated":true}]}}