{"id":3359,"date":"2020-10-07T19:59:28","date_gmt":"2020-10-07T19:59:28","guid":{"rendered":"https:\/\/morganimportexport.com\/?post_type=product&#038;p=3359"},"modified":"2020-10-08T16:42:09","modified_gmt":"2020-10-08T16:42:09","slug":"zanahoria-mediana-o-grande-pelada-congelada","status":"publish","type":"product","link":"https:\/\/morganimportexport.com\/en\/product\/zanahoria-mediana-o-grande-pelada-congelada\/","title":{"rendered":"ZANAHORIA MEDIANA O GRANDE, PELADA, CONGELADA"},"content":{"rendered":"<table width=\"661\">\n<tbody>\n<tr>\n<td width=\"178\">Ingredientes<\/td>\n<td width=\"482\">Zanahoria fresca seleccionada.<\/td>\n<\/tr>\n<tr>\n<td width=\"178\">Longitud<\/td>\n<td width=\"482\">12 a 15 cent\u00edmetros.<\/td>\n<\/tr>\n<tr>\n<td width=\"178\">Unidades por kilo<\/td>\n<td width=\"482\">8 a 10 unidades.<\/td>\n<\/tr>\n<tr>\n<td width=\"178\">Empaque primario<\/td>\n<td width=\"482\">Bolsa pl\u00e1stica para empaque al vac\u00edo o polietileno alta densidad para empaque de alimentos. Presentaci\u00f3n 1, 2, 3, 4, 6 y 12 kilos.<\/td>\n<\/tr>\n<tr>\n<td width=\"178\">Empaque secundario<\/td>\n<td width=\"482\">Caja por 12 kilos peso neto. Tama\u00f1o de caja 40 cms.. X 30 cms.. X 22 cms&#8230;<\/td>\n<\/tr>\n<tr>\n<td width=\"178\">Vida \u00fatil<\/td>\n<td width=\"482\">1 a\u00f1o para el producto congelado.<\/td>\n<\/tr>\n<tr>\n<td width=\"178\">Descripci\u00f3n<\/td>\n<td width=\"482\">Caja marcada con el nombre del producto, registro de la planta o permiso sanitario, fecha de empaque, lote y fecha de vencimiento.<\/td>\n<\/tr>\n<tr>\n<td width=\"178\">Cajas por estiba<\/td>\n<td width=\"482\">80.<\/td>\n<\/tr>\n<tr>\n<td width=\"178\">Estibas por contenedor<\/td>\n<td width=\"482\">20 para contenedor de 40 pies reefer.<\/td>\n<\/tr>\n<tr>\n<td width=\"178\">Cajas por contenedor<\/td>\n<td width=\"482\">1600.<\/td>\n<\/tr>\n<\/tbody>\n<\/table>","protected":false},"excerpt":{"rendered":"<p>Zanahoria fresca seleccionada.<\/p>","protected":false},"featured_media":3362,"comment_status":"open","ping_status":"closed","template":"","meta":{"amp_status":""},"class_list":["post-3359","product","type-product","status-publish","has-post-thumbnail","hentry","product_cat-congelados","product_cat-verduras"],"_links":{"self":[{"href":"https:\/\/morganimportexport.com\/en\/wp-json\/wp\/v2\/product\/3359","targetHints":{"allow":["GET"]}}],"collection":[{"href":"https:\/\/morganimportexport.com\/en\/wp-json\/wp\/v2\/product"}],"about":[{"href":"https:\/\/morganimportexport.com\/en\/wp-json\/wp\/v2\/types\/product"}],"replies":[{"embeddable":true,"href":"https:\/\/morganimportexport.com\/en\/wp-json\/wp\/v2\/comments?post=3359"}],"wp:featuredmedia":[{"embeddable":true,"href":"https:\/\/morganimportexport.com\/en\/wp-json\/wp\/v2\/media\/3362"}],"wp:attachment":[{"href":"https:\/\/morganimportexport.com\/en\/wp-json\/wp\/v2\/media?parent=3359"}],"curies":[{"name":"wp","href":"https:\/\/api.w.org\/{rel}","templated":true}]}}