{"id":3357,"date":"2020-10-07T19:59:35","date_gmt":"2020-10-07T19:59:35","guid":{"rendered":"https:\/\/morganimportexport.com\/?post_type=product&#038;p=3357"},"modified":"2020-10-08T16:42:01","modified_gmt":"2020-10-08T16:42:01","slug":"habichuela-fresca-sin-puntas-cortada-en-trozos-congelada","status":"publish","type":"product","link":"https:\/\/morganimportexport.com\/en\/product\/habichuela-fresca-sin-puntas-cortada-en-trozos-congelada\/","title":{"rendered":"HABICHUELA FRESCA, SIN PUNTAS, CORTADA EN TROZOS, CONGELADA"},"content":{"rendered":"<table width=\"644\">\n<tbody>\n<tr>\n<td width=\"230\">Ingredientes<\/td>\n<td width=\"414\">Habichuela fresca, sin puntas, cortada en trozos de 3 a 4 cent\u00edmetros, agua y sal.<\/td>\n<\/tr>\n<tr>\n<td width=\"230\">Empaque primario<\/td>\n<td width=\"414\">Bolsa pl\u00e1stica para empaque al vac\u00edo o polietileno alta densidad para empaque de alimentos. Presentaci\u00f3n 1, 2, 3,<\/p>\n<p>4, 6 y 12 kilos.<\/td>\n<\/tr>\n<tr>\n<td width=\"230\">Empaque secundario<\/td>\n<td width=\"414\">Caja de 12 kilos peso neto. Tama\u00f1o de caja 40 cms.. X 30 cms.. X 22 cms..<\/td>\n<\/tr>\n<tr>\n<td width=\"230\">Vida \u00fatil<\/td>\n<td width=\"414\">1 a\u00f1o para el producto congelado empacado al vac\u00edo y 6 meses para el producto congelado sin empaque al vac\u00edo<\/td>\n<\/tr>\n<tr>\n<td width=\"230\">Descripci\u00f3n<\/td>\n<td width=\"414\">Caja marcada con el nombre del producto, registro de la planta o permiso sanitario, fecha de empaque, lote y fecha de vencimiento<\/td>\n<\/tr>\n<tr>\n<td width=\"230\">Cajas por estiba<\/td>\n<td width=\"414\">80.<\/td>\n<\/tr>\n<tr>\n<td width=\"230\">Estibas por contenedor<\/td>\n<td width=\"414\">20 para contenedor de 40 pies reefer<\/td>\n<\/tr>\n<tr>\n<td width=\"230\">Cajas por contenedor<\/td>\n<td width=\"414\">1600<\/td>\n<\/tr>\n<\/tbody>\n<\/table>","protected":false},"excerpt":{"rendered":"<p>Habichuela fresca, sin puntas, cortada en trozos de 3 a 4 cent\u00edmetros, agua y sal.<\/p>","protected":false},"featured_media":3361,"comment_status":"open","ping_status":"closed","template":"","meta":{"amp_status":""},"class_list":["post-3357","product","type-product","status-publish","has-post-thumbnail","hentry","product_cat-congelados","product_cat-verduras"],"_links":{"self":[{"href":"https:\/\/morganimportexport.com\/en\/wp-json\/wp\/v2\/product\/3357","targetHints":{"allow":["GET"]}}],"collection":[{"href":"https:\/\/morganimportexport.com\/en\/wp-json\/wp\/v2\/product"}],"about":[{"href":"https:\/\/morganimportexport.com\/en\/wp-json\/wp\/v2\/types\/product"}],"replies":[{"embeddable":true,"href":"https:\/\/morganimportexport.com\/en\/wp-json\/wp\/v2\/comments?post=3357"}],"wp:featuredmedia":[{"embeddable":true,"href":"https:\/\/morganimportexport.com\/en\/wp-json\/wp\/v2\/media\/3361"}],"wp:attachment":[{"href":"https:\/\/morganimportexport.com\/en\/wp-json\/wp\/v2\/media?parent=3357"}],"curies":[{"name":"wp","href":"https:\/\/api.w.org\/{rel}","templated":true}]}}