{"id":3356,"date":"2020-10-07T19:53:29","date_gmt":"2020-10-07T19:53:29","guid":{"rendered":"https:\/\/morganimportexport.com\/?post_type=product&#038;p=3356"},"modified":"2020-10-08T16:42:27","modified_gmt":"2020-10-08T16:42:27","slug":"papa-criolla-precocida-congelada","status":"publish","type":"product","link":"https:\/\/morganimportexport.com\/en\/product\/papa-criolla-precocida-congelada\/","title":{"rendered":"PAPA CRIOLLA PRECOCIDA, CONGELADA"},"content":{"rendered":"<table width=\"653\">\n<tbody>\n<tr>\n<td width=\"176\">Ingredientes<\/td>\n<td width=\"476\">Papa criolla o amarilla seleccionada, agua y sal<\/td>\n<\/tr>\n<tr>\n<td width=\"176\">Peso<\/td>\n<td width=\"476\">Mediano<\/td>\n<\/tr>\n<tr>\n<td width=\"176\">Unidades por kilo<\/td>\n<td width=\"476\">55 a 60 unidades<\/td>\n<\/tr>\n<tr>\n<td width=\"176\">Peso por unidad<\/td>\n<td width=\"476\">16 a 18 gramos aproximadamente<\/td>\n<\/tr>\n<tr>\n<td width=\"176\">Empaque primario<\/td>\n<td width=\"476\">Bolsa pl\u00e1stica para empaque al vac\u00edo o polietileno alta densidad para empaque de alimentos. Presentaci\u00f3n 1, 2, 3, 4, 6 y 12 kilos.<\/td>\n<\/tr>\n<tr>\n<td width=\"176\">Empaque secundario<\/td>\n<td width=\"476\">Caja por 12 kilos peso neto. Tama\u00f1o de caja 40 cms.. X 30 cms.. X 22 cms..<\/td>\n<\/tr>\n<tr>\n<td width=\"176\">Vida \u00fatil<\/td>\n<td width=\"476\">1 a\u00f1o para el producto congelado.<\/td>\n<\/tr>\n<tr>\n<td width=\"176\">Descripci\u00f3n<\/td>\n<td width=\"476\">Caja marcada con el nombre del producto, registro de la planta o permiso sanitario, fecha de empaque, lote y fecha de vencimiento<\/td>\n<\/tr>\n<tr>\n<td width=\"176\">Cajas por estiba<\/td>\n<td width=\"476\">80.<\/td>\n<\/tr>\n<tr>\n<td width=\"176\">Estibas por contenedor<\/td>\n<td width=\"476\">20 para contenedor de 40 pies reefer<\/td>\n<\/tr>\n<tr>\n<td width=\"176\">Cajas por contenedor<\/td>\n<td width=\"476\">1600<\/td>\n<\/tr>\n<\/tbody>\n<\/table>","protected":false},"excerpt":{"rendered":"<p>&nbsp;<\/p>\n<p>Papa criolla o amarilla seleccionada, agua y sal<\/p>","protected":false},"featured_media":3358,"comment_status":"open","ping_status":"closed","template":"","meta":{"amp_status":""},"class_list":["post-3356","product","type-product","status-publish","has-post-thumbnail","hentry","product_cat-congelados","product_cat-precocidos"],"_links":{"self":[{"href":"https:\/\/morganimportexport.com\/en\/wp-json\/wp\/v2\/product\/3356","targetHints":{"allow":["GET"]}}],"collection":[{"href":"https:\/\/morganimportexport.com\/en\/wp-json\/wp\/v2\/product"}],"about":[{"href":"https:\/\/morganimportexport.com\/en\/wp-json\/wp\/v2\/types\/product"}],"replies":[{"embeddable":true,"href":"https:\/\/morganimportexport.com\/en\/wp-json\/wp\/v2\/comments?post=3356"}],"wp:featuredmedia":[{"embeddable":true,"href":"https:\/\/morganimportexport.com\/en\/wp-json\/wp\/v2\/media\/3358"}],"wp:attachment":[{"href":"https:\/\/morganimportexport.com\/en\/wp-json\/wp\/v2\/media?parent=3356"}],"curies":[{"name":"wp","href":"https:\/\/api.w.org\/{rel}","templated":true}]}}