{"id":3354,"date":"2020-10-07T19:50:44","date_gmt":"2020-10-07T19:50:44","guid":{"rendered":"https:\/\/morganimportexport.com\/?post_type=product&#038;p=3354"},"modified":"2020-10-08T16:42:34","modified_gmt":"2020-10-08T16:42:34","slug":"platano-verde-grande-entero-congelado-empacado-al-vacio","status":"publish","type":"product","link":"https:\/\/morganimportexport.com\/en\/product\/platano-verde-grande-entero-congelado-empacado-al-vacio\/","title":{"rendered":"PLATANO VERDE GRANDE, ENTERO, CONGELADO, EMPACADO AL VACIO"},"content":{"rendered":"<table width=\"665\">\n<tbody>\n<tr>\n<td width=\"210\">Ingredientes<\/td>\n<td width=\"456\">Pl\u00e1tano verde, pelado, entero, y congelado, en excelente estado. Cosechado y procesado en 24 horas. \u00c1cido c\u00edtrico como antioxidante.<\/td>\n<\/tr>\n<tr>\n<td width=\"210\">Empaque primario<\/td>\n<td width=\"456\">Bolsa pl\u00e1tica de empaque al vac\u00edo de 2 hasta 6 unidades,<\/td>\n<\/tr>\n<tr>\n<td width=\"210\">Empaque secundario<\/td>\n<td width=\"456\">Cajas de 12 kilos peso neto. Caja de 40 cms.. X 30 cms.. X 22 cms&#8230;<\/td>\n<\/tr>\n<tr>\n<td width=\"210\">Vida \u00fatil<\/td>\n<td width=\"456\">1 a\u00f1o para el producto congelado<\/td>\n<\/tr>\n<tr>\n<td width=\"210\">Descripci\u00f3n<\/td>\n<td width=\"456\">Caja marcada con el nombre del producto, registro de la planta o permiso sanitario, fecha de empaque, lote y fecha de vencimiento<\/td>\n<\/tr>\n<tr>\n<td width=\"210\">Cajas por estiba<\/td>\n<td width=\"456\">80.<\/td>\n<\/tr>\n<tr>\n<td width=\"210\">Estibas por contenedor<\/td>\n<td width=\"456\">20 para contenedor de 40 pies reefer<\/td>\n<\/tr>\n<tr>\n<td width=\"210\">Cajas pro contenedor<\/td>\n<td width=\"456\">1600<\/td>\n<\/tr>\n<\/tbody>\n<\/table>","protected":false},"excerpt":{"rendered":"<p>Pl\u00e1tano verde, pelado, entero, y congelado, en excelente estado. Cosechado y procesado en 24 horas. \u00c1cido c\u00edtrico como antioxidante.<\/p>","protected":false},"featured_media":3355,"comment_status":"open","ping_status":"closed","template":"","meta":{"amp_status":""},"class_list":["post-3354","product","type-product","status-publish","has-post-thumbnail","hentry","product_cat-congelados","product_cat-precocidos"],"_links":{"self":[{"href":"https:\/\/morganimportexport.com\/en\/wp-json\/wp\/v2\/product\/3354","targetHints":{"allow":["GET"]}}],"collection":[{"href":"https:\/\/morganimportexport.com\/en\/wp-json\/wp\/v2\/product"}],"about":[{"href":"https:\/\/morganimportexport.com\/en\/wp-json\/wp\/v2\/types\/product"}],"replies":[{"embeddable":true,"href":"https:\/\/morganimportexport.com\/en\/wp-json\/wp\/v2\/comments?post=3354"}],"wp:featuredmedia":[{"embeddable":true,"href":"https:\/\/morganimportexport.com\/en\/wp-json\/wp\/v2\/media\/3355"}],"wp:attachment":[{"href":"https:\/\/morganimportexport.com\/en\/wp-json\/wp\/v2\/media?parent=3354"}],"curies":[{"name":"wp","href":"https:\/\/api.w.org\/{rel}","templated":true}]}}