{"id":3350,"date":"2020-10-07T19:47:53","date_gmt":"2020-10-07T19:47:53","guid":{"rendered":"https:\/\/morganimportexport.com\/?post_type=product&#038;p=3350"},"modified":"2020-10-08T16:42:37","modified_gmt":"2020-10-08T16:42:37","slug":"cubos-de-platano-verde-empacado-al-vacio-congelado","status":"publish","type":"product","link":"https:\/\/morganimportexport.com\/en\/product\/cubos-de-platano-verde-empacado-al-vacio-congelado\/","title":{"rendered":"CUBOS DE PLATANO VERDE, EMPACADO AL VACIO, CONGELADO"},"content":{"rendered":"<table width=\"682\">\n<tbody>\n<tr>\n<td width=\"215\">Ingredientes<\/td>\n<td width=\"467\">Pl\u00e1tano verde pelado y partido en cubos, en excelente estado. Cosechado y procesado en 24 horas. \u00c1cido c\u00edtrico como antioxidante.<\/td>\n<\/tr>\n<tr>\n<td width=\"215\">Empaque primario<\/td>\n<td width=\"467\">Bolsa pl\u00e1tica de empaque al vac\u00edo. Presentaci\u00f3n 1, 2, 3, 4, 6 y 12 kilos.<\/td>\n<\/tr>\n<tr>\n<td width=\"215\">Empaque secundario<\/td>\n<td width=\"467\">Cajas de 12 kilos peso neto. Caja de 40 cms.. X 30 cms.. X 22 cms&#8230;<\/td>\n<\/tr>\n<tr>\n<td width=\"215\">Vida \u00fatil<\/td>\n<td width=\"467\">1 a\u00f1o para el producto congelado<\/td>\n<\/tr>\n<tr>\n<td width=\"215\">Descripci\u00f3n<\/td>\n<td width=\"467\">Caja marcada con el nombre del producto, registro de la planta o<\/p>\n<p>permiso sanitario, fecha de empaque, lote y fecha de vencimiento<\/td>\n<\/tr>\n<tr>\n<td width=\"215\">Cajas por estiba<\/td>\n<td width=\"467\">80.<\/td>\n<\/tr>\n<tr>\n<td width=\"215\">Estibas por contenedor<\/td>\n<td width=\"467\">20 para contenedor de 40 pies reefer<\/td>\n<\/tr>\n<tr>\n<td width=\"215\">Cajas pro contenedor<\/td>\n<td width=\"467\">1600<\/td>\n<\/tr>\n<\/tbody>\n<\/table>","protected":false},"excerpt":{"rendered":"<p>&nbsp;<\/p>\n<p>Pl\u00e1tano verde pelado y partido en cubos, en excelente estado. Cosechado y procesado en 24 horas. \u00c1cido c\u00edtrico como antioxidante.<\/p>","protected":false},"featured_media":3352,"comment_status":"open","ping_status":"closed","template":"","meta":{"amp_status":""},"class_list":["post-3350","product","type-product","status-publish","has-post-thumbnail","hentry","product_cat-congelados","product_cat-verduras"],"_links":{"self":[{"href":"https:\/\/morganimportexport.com\/en\/wp-json\/wp\/v2\/product\/3350","targetHints":{"allow":["GET"]}}],"collection":[{"href":"https:\/\/morganimportexport.com\/en\/wp-json\/wp\/v2\/product"}],"about":[{"href":"https:\/\/morganimportexport.com\/en\/wp-json\/wp\/v2\/types\/product"}],"replies":[{"embeddable":true,"href":"https:\/\/morganimportexport.com\/en\/wp-json\/wp\/v2\/comments?post=3350"}],"wp:featuredmedia":[{"embeddable":true,"href":"https:\/\/morganimportexport.com\/en\/wp-json\/wp\/v2\/media\/3352"}],"wp:attachment":[{"href":"https:\/\/morganimportexport.com\/en\/wp-json\/wp\/v2\/media?parent=3350"}],"curies":[{"name":"wp","href":"https:\/\/api.w.org\/{rel}","templated":true}]}}