{"id":3346,"date":"2020-10-07T19:41:07","date_gmt":"2020-10-07T19:41:07","guid":{"rendered":"https:\/\/morganimportexport.com\/?post_type=product&#038;p=3346"},"modified":"2020-10-08T16:43:24","modified_gmt":"2020-10-08T16:43:24","slug":"mezcla-de-arveja-desgranada-zanahoria-en-cubos-habichuela-en-trozos-pequenos-limpios-congelados","status":"publish","type":"product","link":"https:\/\/morganimportexport.com\/en\/product\/mezcla-de-arveja-desgranada-zanahoria-en-cubos-habichuela-en-trozos-pequenos-limpios-congelados\/","title":{"rendered":"MEZCLA DE ARVEJA DESGRANADA, ZANAHORIA EN CUBOS HABICHUELA EN TROZOS PEQUE\u00d1OS, LIMPIOS, CONGELADOS"},"content":{"rendered":"<table width=\"689\">\n<tbody>\n<tr>\n<td width=\"186\">Ingredientes<\/td>\n<td width=\"504\">Arveja fresca, habichuela fresca y sin vena ni puntas, zanahoria fresca en cubos<\/td>\n<\/tr>\n<tr>\n<td width=\"186\">Empaque primario<\/td>\n<td width=\"504\">Bolsa pl\u00e1stica para empaque al vac\u00edo o polietileno alta densidad para empaque de alimentos. Presentaci\u00f3n 1, 2, 3, 4, 6 y 12 kilos.<\/td>\n<\/tr>\n<tr>\n<td width=\"186\">Empaque secundario<\/td>\n<td width=\"504\">Caja por 12 kilos peso neto. Tama\u00f1o de caja 40 cms.. X 30 cms.. X 22 cms..<\/td>\n<\/tr>\n<tr>\n<td width=\"186\">Vida \u00fatil<\/td>\n<td width=\"504\">1 a\u00f1o para el producto congelado.<\/td>\n<\/tr>\n<tr>\n<td width=\"186\">Descripci\u00f3n<\/td>\n<td width=\"504\">Caja marcada con el nombre del producto, registro de la planta o permiso sanitario, fecha de empaque, lote y fecha de vencimiento.<\/td>\n<\/tr>\n<tr>\n<td width=\"186\">Cajas por estiba<\/td>\n<td width=\"504\">80.<\/td>\n<\/tr>\n<tr>\n<td width=\"186\">Estibas por contenedor<\/td>\n<td width=\"504\">20 para contenedor de 40 pies reefer<\/td>\n<\/tr>\n<tr>\n<td width=\"186\">Cajas por contenedor<\/td>\n<td width=\"504\">1600<\/td>\n<\/tr>\n<\/tbody>\n<\/table>","protected":false},"excerpt":{"rendered":"<p>Arveja fresca, habichuela fresca y sin vena ni puntas, zanahoria fresca en cubos<\/p>","protected":false},"featured_media":3348,"comment_status":"open","ping_status":"closed","template":"","meta":{"amp_status":""},"class_list":["post-3346","product","type-product","status-publish","has-post-thumbnail","hentry","product_cat-congelados","product_cat-verduras"],"_links":{"self":[{"href":"https:\/\/morganimportexport.com\/en\/wp-json\/wp\/v2\/product\/3346","targetHints":{"allow":["GET"]}}],"collection":[{"href":"https:\/\/morganimportexport.com\/en\/wp-json\/wp\/v2\/product"}],"about":[{"href":"https:\/\/morganimportexport.com\/en\/wp-json\/wp\/v2\/types\/product"}],"replies":[{"embeddable":true,"href":"https:\/\/morganimportexport.com\/en\/wp-json\/wp\/v2\/comments?post=3346"}],"wp:featuredmedia":[{"embeddable":true,"href":"https:\/\/morganimportexport.com\/en\/wp-json\/wp\/v2\/media\/3348"}],"wp:attachment":[{"href":"https:\/\/morganimportexport.com\/en\/wp-json\/wp\/v2\/media?parent=3346"}],"curies":[{"name":"wp","href":"https:\/\/api.w.org\/{rel}","templated":true}]}}