{"id":3207,"date":"2020-10-05T16:56:52","date_gmt":"2020-10-05T16:56:52","guid":{"rendered":"https:\/\/morganimportexport.com\/?post_type=product&#038;p=3207"},"modified":"2020-10-08T16:53:00","modified_gmt":"2020-10-08T16:53:00","slug":"cotilla-de-lomo-baby-backs","status":"publish","type":"product","link":"https:\/\/morganimportexport.com\/en\/product\/cotilla-de-lomo-baby-backs\/","title":{"rendered":"Costilla de Lomo Baby Backs"},"content":{"rendered":"<p>Las\u00a0<b>costillas<\/b>\u00a0traseras se cortan desde donde la\u00a0<b>costilla<\/b>\u00a0se encuentra con la columna vertebral despu\u00e9s de que se retira el\u00a0<b>lomo<\/b>. Las\u00a0<b>costillas<\/b>\u00a0superiores se llaman\u00a0<b>Baby Back Ribs<\/b>, pero no porque vienen de un cerdo beb\u00e9, Sino porque son m\u00e1s cortas en relaci\u00f3n con las\u00a0<b>costillas<\/b>\u00a0m\u00e1s grandes.<\/p>","protected":false},"excerpt":{"rendered":"<p>Las\u00a0<b>costillas<\/b>\u00a0traseras se cortan desde donde la\u00a0<b>costilla<\/b>\u00a0se encuentra con la columna vertebral despu\u00e9s de que se retira el\u00a0<b>lomo<\/b>. Las\u00a0<b>costillas<\/b>\u00a0superiores se llaman\u00a0<b>Baby Back Ribs<\/b>, pero no porque vienen de un cerdo beb\u00e9, Sino porque son m\u00e1s cortas en relaci\u00f3n con las\u00a0<b>costillas<\/b>\u00a0m\u00e1s grandes.<\/p>","protected":false},"featured_media":3208,"comment_status":"open","ping_status":"closed","template":"","meta":{"amp_status":""},"class_list":["post-3207","product","type-product","status-publish","has-post-thumbnail","hentry","product_cat-carnes","product_cat-cerdo"],"_links":{"self":[{"href":"https:\/\/morganimportexport.com\/en\/wp-json\/wp\/v2\/product\/3207","targetHints":{"allow":["GET"]}}],"collection":[{"href":"https:\/\/morganimportexport.com\/en\/wp-json\/wp\/v2\/product"}],"about":[{"href":"https:\/\/morganimportexport.com\/en\/wp-json\/wp\/v2\/types\/product"}],"replies":[{"embeddable":true,"href":"https:\/\/morganimportexport.com\/en\/wp-json\/wp\/v2\/comments?post=3207"}],"wp:featuredmedia":[{"embeddable":true,"href":"https:\/\/morganimportexport.com\/en\/wp-json\/wp\/v2\/media\/3208"}],"wp:attachment":[{"href":"https:\/\/morganimportexport.com\/en\/wp-json\/wp\/v2\/media?parent=3207"}],"curies":[{"name":"wp","href":"https:\/\/api.w.org\/{rel}","templated":true}]}}