{"id":3188,"date":"2020-10-04T23:54:14","date_gmt":"2020-10-04T23:54:14","guid":{"rendered":"https:\/\/morganimportexport.com\/?post_type=product&#038;p=3188"},"modified":"2020-10-08T16:53:09","modified_gmt":"2020-10-08T16:53:09","slug":"3188","status":"publish","type":"product","link":"https:\/\/morganimportexport.com\/en\/product\/3188\/","title":{"rendered":"Br\u00f3coli"},"content":{"rendered":"<p>El br\u00f3coli,\u200b br\u00e9col\u200b o br\u00f3quil\u200b (Brassica oleracea var. italica), del italiano broccoli (brote), es una planta de la familia de las brasic\u00e1ceas. Otras variedades de la misma especie son el repollo (B. o. capitata), la coliflor (B. o. botrytis), el colinabo (B. o. gongylodes) y la col de Bruselas (B. o. gemmifera). . El llamado br\u00f3coli chino o kale (B. o. alboglabra) es tambi\u00e9n una variedad de Brassica oleracea.<\/p>\n<p>Conservaci\u00f3n:<\/p>\n<p>A pesar de ser delicioso y nutritivo, el br\u00f3coli tiene la reputaci\u00f3n bien merecida de ser dif\u00edcil de mantener fresco. Si se almacena de forma inadecuada, el br\u00f3coli puede pasar de crujiente y refrescante a poco apetecible en tan solo un d\u00eda o dos. Sin embargo, con t\u00e9cnicas inteligentes de almacenamiento, puedes mantener fresco tu br\u00f3coli hasta durante cinco a siete d\u00edas (y si est\u00e1s dispuesto a congelarlo, durar\u00e1 mucho m\u00e1s).<\/p>\n<p>&nbsp;<\/p>\n<p>Empaque:<\/p>\n<p>Caja de 10 libtras<\/p>","protected":false},"excerpt":{"rendered":"<p>El br\u00f3coli,\u200b br\u00e9col\u200b o br\u00f3quil\u200b (Brassica oleracea var. italica), del italiano broccoli (brote), es una planta de la familia de las brasic\u00e1ceas.<\/p>","protected":false},"featured_media":3189,"comment_status":"open","ping_status":"closed","template":"","meta":{"amp_status":""},"class_list":["post-3188","product","type-product","status-publish","has-post-thumbnail","hentry","product_cat-verduras"],"_links":{"self":[{"href":"https:\/\/morganimportexport.com\/en\/wp-json\/wp\/v2\/product\/3188","targetHints":{"allow":["GET"]}}],"collection":[{"href":"https:\/\/morganimportexport.com\/en\/wp-json\/wp\/v2\/product"}],"about":[{"href":"https:\/\/morganimportexport.com\/en\/wp-json\/wp\/v2\/types\/product"}],"replies":[{"embeddable":true,"href":"https:\/\/morganimportexport.com\/en\/wp-json\/wp\/v2\/comments?post=3188"}],"wp:featuredmedia":[{"embeddable":true,"href":"https:\/\/morganimportexport.com\/en\/wp-json\/wp\/v2\/media\/3189"}],"wp:attachment":[{"href":"https:\/\/morganimportexport.com\/en\/wp-json\/wp\/v2\/media?parent=3188"}],"curies":[{"name":"wp","href":"https:\/\/api.w.org\/{rel}","templated":true}]}}