{"id":3181,"date":"2020-10-04T23:40:12","date_gmt":"2020-10-04T23:40:12","guid":{"rendered":"https:\/\/morganimportexport.com\/?post_type=product&#038;p=3181"},"modified":"2020-10-08T16:53:19","modified_gmt":"2020-10-08T16:53:19","slug":"repollo","status":"publish","type":"product","link":"https:\/\/morganimportexport.com\/en\/product\/repollo\/","title":{"rendered":"Repollo"},"content":{"rendered":"<p>El repollo o Brassica oleracea var. capitata, el repollo, col repollo o col cerrada, es una planta comestible de la familia de las Brasic\u00e1ceas, y una herb\u00e1cea bienal, cultivada como anual, cuyas hojas lisas forman un caracter\u00edstico cogollo compacto<\/p>\n<p>La col o repollo es originaria de Centroeuropa, aunque desde hace unos siglos se ha extendido su cultivo a todo el mundo. Ya los griegos, celtas y romanos usaban la col por sus numerosas propiedades medicinales. La col contiene un 92% de agua, mucha fibra y pocas calor\u00edas e hidratos de carbono. Es rica en vitaminas A, C, E y B y en minerales como el azufre\u00a0 (lo\u00a0 cual\u00a0 aporta potentes propiedades antioxidantes), potasio, calcio, contiene tambi\u00e9n \u00e1cido f\u00f3lico y arginina, la cual nos ayuda a combatir los resfriados.<\/p>\n<p>Conservaci\u00f3n:<\/p>\n<p>El repollo dura fresco bastante tiempo. La vitamina C dura m\u00e1s si el repollo se conserva fr\u00edo. P\u00f3ngalo en el refrigerador. Las cabezas de repollo se conservan frescas 1-2 semanas.<\/p>\n<p>Empaque:<\/p>\n<p>Caja de 35 libras<\/p>\n<p>&nbsp;<\/p>","protected":false},"excerpt":{"rendered":"<p>El repollo o Brassica oleracea var. capitata, el repollo, col repollo o col cerrada, es una planta comestible de la familia de las Brasic\u00e1ceas, y una herb\u00e1cea bienal, cultivada como anual, cuyas hojas lisas forman un caracter\u00edstico cogollo compacto<\/p>","protected":false},"featured_media":3182,"comment_status":"open","ping_status":"closed","template":"","meta":{"amp_status":""},"class_list":["post-3181","product","type-product","status-publish","has-post-thumbnail","hentry","product_cat-hortalizas"],"_links":{"self":[{"href":"https:\/\/morganimportexport.com\/en\/wp-json\/wp\/v2\/product\/3181","targetHints":{"allow":["GET"]}}],"collection":[{"href":"https:\/\/morganimportexport.com\/en\/wp-json\/wp\/v2\/product"}],"about":[{"href":"https:\/\/morganimportexport.com\/en\/wp-json\/wp\/v2\/types\/product"}],"replies":[{"embeddable":true,"href":"https:\/\/morganimportexport.com\/en\/wp-json\/wp\/v2\/comments?post=3181"}],"wp:featuredmedia":[{"embeddable":true,"href":"https:\/\/morganimportexport.com\/en\/wp-json\/wp\/v2\/media\/3182"}],"wp:attachment":[{"href":"https:\/\/morganimportexport.com\/en\/wp-json\/wp\/v2\/media?parent=3181"}],"curies":[{"name":"wp","href":"https:\/\/api.w.org\/{rel}","templated":true}]}}