{"id":1841,"date":"2020-04-04T06:15:26","date_gmt":"2020-04-04T06:15:26","guid":{"rendered":"http:\/\/pluginspoint.com\/geoport\/?page_id=1841"},"modified":"2021-08-17T03:23:53","modified_gmt":"2021-08-17T03:23:53","slug":"contacto","status":"publish","type":"page","link":"https:\/\/morganimportexport.com\/en\/contacto\/","title":{"rendered":"Contact"},"content":{"rendered":"<h4>Tel\u00e9fonos<\/h4>\n<p><a>+297 585 3025<\/a><\/p>\n<p><a>+297 565 8290<\/a><\/p>\n<h4>Contact Email<\/h4>\n<p>manager@morganimportexport.com<\/p>\n<p><a href=\"mailto:info@morganimortexport.com.co\"><br \/>\nWrite Us <\/a><\/p>\n<h4>Location<\/h4>\n<p>Cra 59 No. 96 166 Barranquilla, Atl\u00e1ntico , Colombia<\/p>\n<p><a href=\"https:\/\/goo.gl\/maps\/TXGmnnCKtK2MNop38\"><br \/>\nView <\/a><br \/>\n<iframe title=\"Barranquilla, Atl\u00e1ntico, Colombia Cra 59 No. 96 116\" src=\"https:\/\/maps.google.com\/maps?q=Barranquilla%2C%20Atl%C3%A1ntico%2C%20Colombia%20Cra%2059%20No.%2096%20116&amp;t=m&amp;z=15&amp;output=embed&amp;iwloc=near\" frameborder=\"0\" marginwidth=\"0\" marginheight=\"0\" scrolling=\"no\" aria-label=\"Barranquilla, Atl\u00e1ntico, Colombia Cra 59 No. 96 116\"><\/iframe><\/p>\n<h2>REQUEST YOUR QUOTE<br \/>\nCUSTOMIZED<\/h2>\n<div role=\"form\" class=\"wpcf7\" id=\"wpcf7-f1886-o1\" lang=\"en-US\" dir=\"ltr\">\n<div class=\"screen-reader-response\" role=\"alert\" aria-live=\"polite\"><\/div>\n<form action=\"\/en\/wp-json\/wp\/v2\/pages\/1841#wpcf7-f1886-o1\" method=\"post\" class=\"wpcf7-form init\" novalidate=\"novalidate\" data-trp-original-action=\"\/en\/wp-json\/wp\/v2\/pages\/1841#wpcf7-f1886-o1\">\n<div style=\"display: none;\">\n<input type=\"hidden\" name=\"_wpcf7\" value=\"1886\" \/>\n<input type=\"hidden\" name=\"_wpcf7_version\" value=\"5.2.2\" \/>\n<input type=\"hidden\" name=\"_wpcf7_locale\" value=\"en_US\" \/>\n<input type=\"hidden\" name=\"_wpcf7_unit_tag\" value=\"wpcf7-f1886-o1\" \/>\n<input type=\"hidden\" name=\"_wpcf7_container_post\" value=\"0\" \/>\n<input type=\"hidden\" name=\"_wpcf7_posted_data_hash\" value=\"\" \/>\n<\/div>\n<div class=\"c-form-group\"><i class=\"fal fa-user\"><\/i> <span class=\"wpcf7-form-control-wrap your-name\"><input type=\"text\" name=\"your-name\" value=\"\" size=\"40\" class=\"wpcf7-form-control wpcf7-text wpcf7-validates-as-required\" aria-required=\"true\" aria-invalid=\"false\" placeholder=\"Name\" \/><\/span><\/div>\n<div class=\"c-form-group\"><i class=\"fal fa-envelope\"><\/i> <span class=\"wpcf7-form-control-wrap your-email\"><input type=\"email\" name=\"your-email\" value=\"\" size=\"40\" class=\"wpcf7-form-control wpcf7-text wpcf7-email wpcf7-validates-as-required wpcf7-validates-as-email\" aria-required=\"true\" aria-invalid=\"false\" placeholder=\"Email\" \/><\/span><\/div>\n<div class=\"c-form-group\"><i class=\"fal fa-edit\"><\/i> <span class=\"wpcf7-form-control-wrap your-message\"><textarea name=\"your-message\" cols=\"40\" rows=\"10\" class=\"wpcf7-form-control wpcf7-textarea\" aria-invalid=\"false\" placeholder=\"Phone n message\"><\/textarea><\/span><\/div>\n<p><button class=\"btn orange-btn\"><i class=\"fal fa-paper-plane\"><\/i> Send Now<\/button><\/p>\n<div class=\"wpcf7-response-output\" role=\"alert\" aria-hidden=\"true\"><\/div><input type=\"hidden\" name=\"trp-form-language\" value=\"en\"\/><\/form><\/div>","protected":false},"excerpt":{"rendered":"<p>Tel\u00e9fonos +297 585 3025 +297 565 8290 Email de contacto manager@morganimportexport.com Escr\u00edbanos Direcci\u00f3n Cra 59 No. 96 166 Barranquilla, Atl\u00e1ntico , Colombia Ver ubicaci\u00f3n Solicite su cotizaci\u00f3n personalizada<\/p>","protected":false},"author":1,"featured_media":0,"parent":0,"menu_order":0,"comment_status":"closed","ping_status":"closed","template":"page-template\/blank-page-sidebar.php","meta":{"amp_status":"","footnotes":""},"class_list":["post-1841","page","type-page","status-publish","hentry"],"_links":{"self":[{"href":"https:\/\/morganimportexport.com\/en\/wp-json\/wp\/v2\/pages\/1841","targetHints":{"allow":["GET"]}}],"collection":[{"href":"https:\/\/morganimportexport.com\/en\/wp-json\/wp\/v2\/pages"}],"about":[{"href":"https:\/\/morganimportexport.com\/en\/wp-json\/wp\/v2\/types\/page"}],"author":[{"embeddable":true,"href":"https:\/\/morganimportexport.com\/en\/wp-json\/wp\/v2\/users\/1"}],"replies":[{"embeddable":true,"href":"https:\/\/morganimportexport.com\/en\/wp-json\/wp\/v2\/comments?post=1841"}],"version-history":[{"count":19,"href":"https:\/\/morganimportexport.com\/en\/wp-json\/wp\/v2\/pages\/1841\/revisions"}],"predecessor-version":[{"id":3616,"href":"https:\/\/morganimportexport.com\/en\/wp-json\/wp\/v2\/pages\/1841\/revisions\/3616"}],"wp:attachment":[{"href":"https:\/\/morganimportexport.com\/en\/wp-json\/wp\/v2\/media?parent=1841"}],"curies":[{"name":"wp","href":"https:\/\/api.w.org\/{rel}","templated":true}]}}