{"id":1246,"date":"2020-03-30T05:16:13","date_gmt":"2020-03-30T05:16:13","guid":{"rendered":"http:\/\/pluginspoint.com\/geoport\/?page_id=1246"},"modified":"2020-10-06T20:04:15","modified_gmt":"2020-10-06T20:04:15","slug":"servicios","status":"publish","type":"page","link":"https:\/\/morganimportexport.com\/en\/servicios\/","title":{"rendered":"Services"},"content":{"rendered":"<div data-elementor-type=\"wp-page\" data-elementor-id=\"1246\" class=\"elementor elementor-1246\" data-elementor-settings=\"[]\">\n\t\t\t\t\t\t<div class=\"elementor-inner\">\n\t\t\t\t\t\t\t<div class=\"elementor-section-wrap\">\n\t\t\t\t\t\t\t<section class=\"elementor-section elementor-top-section elementor-element elementor-element-dadb600 elementor-section-full_width elementor-section-height-default elementor-section-height-default\" data-id=\"dadb600\" data-element_type=\"section\" data-settings=\"{&quot;background_background&quot;:&quot;classic&quot;}\">\n\t\t\t\t\t\t<div class=\"elementor-container elementor-column-gap-default\">\n\t\t\t\t\t\t\t<div class=\"elementor-row\">\n\t\t\t\t\t<div class=\"elementor-column elementor-col-100 elementor-top-column elementor-element elementor-element-27fa391\" data-id=\"27fa391\" data-element_type=\"column\">\n\t\t\t<div class=\"elementor-column-wrap elementor-element-populated\">\n\t\t\t\t\t\t\t<div class=\"elementor-widget-wrap\">\n\t\t\t\t\t\t<div class=\"elementor-element elementor-element-6562d0f elementor-widget elementor-widget-section-head\" data-id=\"6562d0f\" data-element_type=\"widget\" data-widget_type=\"section-head.default\">\n\t\t\t\t<div class=\"elementor-widget-container\">\n\t\t\t\t\t<div class=\"section-title s-section-title\">\r\n\t\t\t            <span class=\"line wow\">Services<\/span>\r\n                        <h2>\r\n            \t            \t<span class=\"tl1\" >What We Do<\/span>\r\n            \t            <\/h2>\r\n                        <h2 class=\"bg-title\">Services<\/h2>\r\n        \t      <\/div>\r\n\t\t\t<\/div>\n\t\t\t\t<\/div>\n\t\t\t\t<section class=\"elementor-section elementor-inner-section elementor-element elementor-element-f01979c elementor-section-boxed elementor-section-height-default elementor-section-height-default\" data-id=\"f01979c\" data-element_type=\"section\">\n\t\t\t\t\t\t<div class=\"elementor-container elementor-column-gap-default\">\n\t\t\t\t\t\t\t<div class=\"elementor-row\">\n\t\t\t\t\t<div class=\"elementor-column elementor-col-25 elementor-inner-column elementor-element elementor-element-65801ac\" data-id=\"65801ac\" data-element_type=\"column\">\n\t\t\t<div class=\"elementor-column-wrap elementor-element-populated\">\n\t\t\t\t\t\t\t<div class=\"elementor-widget-wrap\">\n\t\t\t\t\t\t<div class=\"elementor-element elementor-element-3114254 elementor-widget elementor-widget-single-icon-item\" data-id=\"3114254\" data-element_type=\"widget\" data-widget_type=\"single-icon-item.default\">\n\t\t\t\t<div class=\"elementor-widget-container\">\n\t\t\t\t\t\r\n\t\t<div class=\"single-services text-center\">\r\n         <div class=\"services-icon\">\r\n                         \t<img decoding=\"async\" src=\"http:\/\/pluginspoint.com\/geoport\/wp-content\/uploads\/2020\/04\/new-logo-1.png\" alt=\"img\">\r\n         \t         <\/div>\r\n         <div class=\"services-content typography_style\">\r\n                        <h4 >\r\n            \t<a href=\"https:\/\/morganimportexport.com\/en\/ware-housing-service\/\" target=\"_blank\" rel=\"nofollow\" class=\"icon-box-btn\">Packing and packaging<\/a>            <\/h4>\r\n         \t            <p >We provide packing and packaging services for the export or import of your products.<\/p>\r\n         <\/div>\r\n      <\/div>\r\n\r\n\t\t\t\t<\/div>\n\t\t\t\t<\/div>\n\t\t\t\t\t\t<\/div>\n\t\t\t\t\t<\/div>\n\t\t<\/div>\n\t\t\t\t<div class=\"elementor-column elementor-col-25 elementor-inner-column elementor-element elementor-element-356908c\" data-id=\"356908c\" data-element_type=\"column\">\n\t\t\t<div class=\"elementor-column-wrap elementor-element-populated\">\n\t\t\t\t\t\t\t<div class=\"elementor-widget-wrap\">\n\t\t\t\t\t\t<div class=\"elementor-element elementor-element-bd70717 elementor-widget elementor-widget-single-icon-item\" data-id=\"bd70717\" data-element_type=\"widget\" data-widget_type=\"single-icon-item.default\">\n\t\t\t\t<div class=\"elementor-widget-container\">\n\t\t\t\t\t\r\n\t\t<div class=\"single-services text-center\">\r\n         <div class=\"services-icon\">\r\n                         \t<img decoding=\"async\" src=\"https:\/\/morganimportexport.com\/wp-content\/uploads\/2020\/04\/2.png\" alt=\"img\">\r\n         \t         <\/div>\r\n         <div class=\"services-content typography_style\">\r\n                        <h4 >\r\n            \t<a href=\"https:\/\/morganimportexport.com\/en\/air-freighting-service\/\" target=\"_blank\" rel=\"nofollow\" class=\"icon-box-btn\">Land transportation to ports<\/a>            <\/h4>\r\n         \t            <p >We transport your merchandise to maritime cargo ports in Colombia.<\/p>\r\n         <\/div>\r\n      <\/div>\r\n\r\n\t\t\t\t<\/div>\n\t\t\t\t<\/div>\n\t\t\t\t\t\t<\/div>\n\t\t\t\t\t<\/div>\n\t\t<\/div>\n\t\t\t\t<div class=\"elementor-column elementor-col-25 elementor-inner-column elementor-element elementor-element-f41b54f\" data-id=\"f41b54f\" data-element_type=\"column\">\n\t\t\t<div class=\"elementor-column-wrap elementor-element-populated\">\n\t\t\t\t\t\t\t<div class=\"elementor-widget-wrap\">\n\t\t\t\t\t\t<div class=\"elementor-element elementor-element-0428dc9 elementor-widget elementor-widget-single-icon-item\" data-id=\"0428dc9\" data-element_type=\"widget\" data-widget_type=\"single-icon-item.default\">\n\t\t\t\t<div class=\"elementor-widget-container\">\n\t\t\t\t\t\r\n\t\t<div class=\"single-services text-center\">\r\n         <div class=\"services-icon\">\r\n                         \t<img decoding=\"async\" src=\"http:\/\/pluginspoint.com\/geoport\/wp-content\/uploads\/2020\/04\/new-logo-3.png\" alt=\"img\">\r\n         \t         <\/div>\r\n         <div class=\"services-content typography_style\">\r\n                        <h4 >\r\n            \t<a href=\"https:\/\/morganimportexport.com\/en\/ocean-freighting-service\/\" target=\"_blank\" rel=\"nofollow\" class=\"icon-box-btn\">Customs and freight<\/a>            <\/h4>\r\n         \t            <p >We provide the customs management service and loading and unloading of merchandise in port.<\/p>\r\n         <\/div>\r\n      <\/div>\r\n\r\n\t\t\t\t<\/div>\n\t\t\t\t<\/div>\n\t\t\t\t\t\t<\/div>\n\t\t\t\t\t<\/div>\n\t\t<\/div>\n\t\t\t\t<div class=\"elementor-column elementor-col-25 elementor-inner-column elementor-element elementor-element-3393c18\" data-id=\"3393c18\" data-element_type=\"column\">\n\t\t\t<div class=\"elementor-column-wrap elementor-element-populated\">\n\t\t\t\t\t\t\t<div class=\"elementor-widget-wrap\">\n\t\t\t\t\t\t<div class=\"elementor-element elementor-element-ef01a1b elementor-widget elementor-widget-single-icon-item\" data-id=\"ef01a1b\" data-element_type=\"widget\" data-widget_type=\"single-icon-item.default\">\n\t\t\t\t<div class=\"elementor-widget-container\">\n\t\t\t\t\t\r\n\t\t<div class=\"single-services text-center\">\r\n         <div class=\"services-icon\">\r\n                         \t<img decoding=\"async\" src=\"http:\/\/pluginspoint.com\/geoport\/wp-content\/uploads\/2020\/04\/new-logo-4.png\" alt=\"img\">\r\n         \t         <\/div>\r\n         <div class=\"services-content typography_style\">\r\n                        <h4 >\r\n            \t<a href=\"https:\/\/morganimportexport.com\/en\/road-freighting-service\/\" target=\"_blank\" rel=\"nofollow\" class=\"icon-box-btn\">Thermal Containers<\/a>            <\/h4>\r\n         \t            <p >We offer you a container rental service with or without refrigeration for the maritime transport of your products.<\/p>\r\n         <\/div>\r\n      <\/div>\r\n\r\n\t\t\t\t<\/div>\n\t\t\t\t<\/div>\n\t\t\t\t\t\t<\/div>\n\t\t\t\t\t<\/div>\n\t\t<\/div>\n\t\t\t\t\t\t\t\t<\/div>\n\t\t\t\t\t<\/div>\n\t\t<\/section>\n\t\t\t\t\t\t<\/div>\n\t\t\t\t\t<\/div>\n\t\t<\/div>\n\t\t\t\t\t\t\t\t<\/div>\n\t\t\t\t\t<\/div>\n\t\t<\/section>\n\t\t\t\t<section class=\"elementor-section elementor-top-section elementor-element elementor-element-6854717 elementor-section-boxed elementor-section-height-default elementor-section-height-default\" data-id=\"6854717\" data-element_type=\"section\" data-settings=\"{&quot;background_background&quot;:&quot;classic&quot;}\">\n\t\t\t\t\t\t\t<div class=\"elementor-background-overlay\"><\/div>\n\t\t\t\t\t\t\t<div class=\"elementor-container elementor-column-gap-default\">\n\t\t\t\t\t\t\t<div class=\"elementor-row\">\n\t\t\t\t\t<div class=\"elementor-column elementor-col-100 elementor-top-column elementor-element elementor-element-5b99c61\" data-id=\"5b99c61\" data-element_type=\"column\">\n\t\t\t<div class=\"elementor-column-wrap elementor-element-populated\">\n\t\t\t\t\t\t\t<div class=\"elementor-widget-wrap\">\n\t\t\t\t\t\t<section class=\"elementor-section elementor-inner-section elementor-element elementor-element-31c1d40 elementor-section-boxed elementor-section-height-default elementor-section-height-default\" data-id=\"31c1d40\" data-element_type=\"section\">\n\t\t\t\t\t\t<div class=\"elementor-container elementor-column-gap-default\">\n\t\t\t\t\t\t\t<div class=\"elementor-row\">\n\t\t\t\t\t<div class=\"elementor-column elementor-col-100 elementor-inner-column elementor-element elementor-element-c977094\" data-id=\"c977094\" data-element_type=\"column\">\n\t\t\t<div class=\"elementor-column-wrap elementor-element-populated\">\n\t\t\t\t\t\t\t<div class=\"elementor-widget-wrap\">\n\t\t\t\t\t\t<div class=\"elementor-element elementor-element-e7981e3 elementor-widget elementor-widget-counter\" data-id=\"e7981e3\" data-element_type=\"widget\" data-widget_type=\"counter.default\">\n\t\t\t\t<div class=\"elementor-widget-container\">\n\t\t\t\t<div class=\"row counter-area\">\r\n\t<script type=\"text\/javascript\">\r\n\t   jQuery(document).ready(function(){\r\n\t\t\tjQuery('.count').counterUp({\r\n\t\t      delay: 10,\r\n\t\t      time: 2000\r\n\t\t   });\r\n\t   });\r\n\t<\/script> \r\n\t\r\n\t\t<div class=\"col-lg-3 col-sm-6 single-counter-item\">\r\n\t\t\t<div class=\"elementor-counter text-center geoport-counter\">\r\n\t\t\t\t\t\t\t\t<div class=\"counter-icon\">\r\n\t         \t<img decoding=\"async\" src=\"http:\/\/pluginspoint.com\/geoport\/wp-content\/uploads\/2020\/03\/counter_icon01.png\" alt=\"icon\">\r\n\t         <\/div>\r\n\t      \t\t\t\t\t<div class=\"elementor-counter-number-wrapper\">\r\n\t\t\t\t\t<span class=\"elementor-counter-number-prefix\"><\/span>\r\n\t\t\t\t\t<span class=\"count\">32,125<\/span>\r\n\t\t\t\t\t<span class=\"elementor-counter-number-suffix\">+<\/span>\r\n\t\t\t\t<\/div>\r\n\t\t\t\t\t\t\t\t\t<div class=\"elementor-counter-title\">Loads Transported<\/div>\r\n\t\t\t\t\t\t\t<\/div>\r\n\t\t<\/div>\r\n\t\t\r\n\t\t<div class=\"col-lg-3 col-sm-6 single-counter-item\">\r\n\t\t\t<div class=\"elementor-counter text-center geoport-counter\">\r\n\t\t\t\t\t\t\t\t<div class=\"counter-icon\">\r\n\t         \t<img decoding=\"async\" src=\"http:\/\/pluginspoint.com\/geoport\/wp-content\/uploads\/2020\/03\/counter_icon02.png\" alt=\"icon\">\r\n\t         <\/div>\r\n\t      \t\t\t\t\t<div class=\"elementor-counter-number-wrapper\">\r\n\t\t\t\t\t<span class=\"elementor-counter-number-prefix\"><\/span>\r\n\t\t\t\t\t<span class=\"count\">23,786<\/span>\r\n\t\t\t\t\t<span class=\"elementor-counter-number-suffix\">+<\/span>\r\n\t\t\t\t<\/div>\r\n\t\t\t\t\t\t\t\t\t<div class=\"elementor-counter-title elementor-counter-title\">km per year<\/div>\r\n\t\t\t\t\t\t\t<\/div>\r\n\t\t<\/div>\r\n\t\t\r\n\t\t<div class=\"col-lg-3 col-sm-6 single-counter-item\">\r\n\t\t\t<div class=\"elementor-counter text-center geoport-counter\">\r\n\t\t\t\t\t\t\t\t<div class=\"counter-icon\">\r\n\t         \t<img decoding=\"async\" src=\"http:\/\/pluginspoint.com\/geoport\/wp-content\/uploads\/2020\/03\/counter_icon03.png\" alt=\"icon\">\r\n\t         <\/div>\r\n\t      \t\t\t\t\t<div class=\"elementor-counter-number-wrapper\">\r\n\t\t\t\t\t<span class=\"elementor-counter-number-prefix\"><\/span>\r\n\t\t\t\t\t<span class=\"count\">12,986<\/span>\r\n\t\t\t\t\t<span class=\"elementor-counter-number-suffix\">+<\/span>\r\n\t\t\t\t<\/div>\r\n\t\t\t\t\t\t\t\t\t<div class=\"elementor-counter-title elementor-counter-title elementor-counter-title\">Products Tons<\/div>\r\n\t\t\t\t\t\t\t<\/div>\r\n\t\t<\/div>\r\n\t\t\r\n\t\t<div class=\"col-lg-3 col-sm-6 single-counter-item\">\r\n\t\t\t<div class=\"elementor-counter text-center geoport-counter\">\r\n\t\t\t\t\t\t\t\t<div class=\"counter-icon\">\r\n\t         \t<img decoding=\"async\" src=\"http:\/\/pluginspoint.com\/geoport\/wp-content\/uploads\/2020\/03\/counter_icon04.png\" alt=\"icon\">\r\n\t         <\/div>\r\n\t      \t\t\t\t\t<div class=\"elementor-counter-number-wrapper\">\r\n\t\t\t\t\t<span class=\"elementor-counter-number-prefix\"><\/span>\r\n\t\t\t\t\t<span class=\"count\">78,980<\/span>\r\n\t\t\t\t\t<span class=\"elementor-counter-number-suffix\">+<\/span>\r\n\t\t\t\t<\/div>\r\n\t\t\t\t\t\t\t\t\t<div class=\"elementor-counter-title elementor-counter-title elementor-counter-title elementor-counter-title\">Satisfied customers<\/div>\r\n\t\t\t\t\t\t\t<\/div>\r\n\t\t<\/div>\r\n\t\t\t<\/div>\r\n\t\t\t<\/div>\n\t\t\t\t<\/div>\n\t\t\t\t\t\t<\/div>\n\t\t\t\t\t<\/div>\n\t\t<\/div>\n\t\t\t\t\t\t\t\t<\/div>\n\t\t\t\t\t<\/div>\n\t\t<\/section>\n\t\t\t\t\t\t<\/div>\n\t\t\t\t\t<\/div>\n\t\t<\/div>\n\t\t\t\t\t\t\t\t<\/div>\n\t\t\t\t\t<\/div>\n\t\t<\/section>\n\t\t\t\t<section class=\"elementor-section elementor-top-section elementor-element elementor-element-ed95b94 elementor-section-boxed elementor-section-height-default elementor-section-height-default\" data-id=\"ed95b94\" data-element_type=\"section\" data-settings=\"{&quot;background_background&quot;:&quot;classic&quot;}\">\n\t\t\t\t\t\t\t<div class=\"elementor-background-overlay\"><\/div>\n\t\t\t\t\t\t\t<div class=\"elementor-container elementor-column-gap-default\">\n\t\t\t\t\t\t\t<div class=\"elementor-row\">\n\t\t\t\t\t<div class=\"elementor-column elementor-col-100 elementor-top-column elementor-element elementor-element-40b33c0\" data-id=\"40b33c0\" data-element_type=\"column\">\n\t\t\t<div class=\"elementor-column-wrap elementor-element-populated\">\n\t\t\t\t\t\t\t<div class=\"elementor-widget-wrap\">\n\t\t\t\t\t\t<div class=\"elementor-element elementor-element-b9bc202 elementor-widget elementor-widget-section-head\" data-id=\"b9bc202\" data-element_type=\"widget\" data-widget_type=\"section-head.default\">\n\t\t\t\t<div class=\"elementor-widget-container\">\n\t\t\t\t\t<div class=\"section-title s-section-title\">\r\n\t\t\t            <span class=\"line wow\">Advantage<\/span>\r\n                        <h2>\r\n            \t            \t<span class=\"tl1\" >OUR COMPANY<\/span>\r\n            \t            <\/h2>\r\n                        <h2 class=\"bg-title\">Advantage<\/h2>\r\n        \t      <\/div>\r\n\t\t\t<\/div>\n\t\t\t\t<\/div>\n\t\t\t\t<section class=\"elementor-section elementor-inner-section elementor-element elementor-element-41304d7 elementor-section-boxed elementor-section-height-default elementor-section-height-default\" data-id=\"41304d7\" data-element_type=\"section\">\n\t\t\t\t\t\t<div class=\"elementor-container elementor-column-gap-default\">\n\t\t\t\t\t\t\t<div class=\"elementor-row\">\n\t\t\t\t\t<div class=\"elementor-column elementor-col-33 elementor-inner-column elementor-element elementor-element-479f857\" data-id=\"479f857\" data-element_type=\"column\">\n\t\t\t<div class=\"elementor-column-wrap elementor-element-populated\">\n\t\t\t\t\t\t\t<div class=\"elementor-widget-wrap\">\n\t\t\t\t\t\t<div class=\"elementor-element elementor-element-3af7507 elementor-widget elementor-widget-single-icon-item\" data-id=\"3af7507\" data-element_type=\"widget\" data-widget_type=\"single-icon-item.default\">\n\t\t\t\t<div class=\"elementor-widget-container\">\n\t\t\t\r\n      <div class=\"single-features text-left\">\r\n      \t         \t<div class=\"features-icon\">\r\n         \t\t<i class=\"ifs-icon fal fa-medal\"><\/i>\r\n         \t<\/div>\r\n                  <div class=\"features-content typography_style\">\r\n                        <h4 >\r\n            \t<a href=\"#\" target=\"_blank\" rel=\"nofollow\" class=\"icon-box-btn\">We are leaders<\/a>            <\/h4>\r\n         \t            <p >Our experience and commitment allow us to provide you with a quality service that meets your needs.<\/p>\r\n                        <div class=\"read-more\">\r\n            <a href=\"#\" target=\"_blank\" rel=\"nofollow\" class=\"icon-box-btn\">Read More<\/a>           \t<\/div>\r\n           \t         <\/div>\r\n      <\/div>\r\n\r\n      \t\t<\/div>\n\t\t\t\t<\/div>\n\t\t\t\t\t\t<\/div>\n\t\t\t\t\t<\/div>\n\t\t<\/div>\n\t\t\t\t<div class=\"elementor-column elementor-col-33 elementor-inner-column elementor-element elementor-element-8fef61e\" data-id=\"8fef61e\" data-element_type=\"column\">\n\t\t\t<div class=\"elementor-column-wrap elementor-element-populated\">\n\t\t\t\t\t\t\t<div class=\"elementor-widget-wrap\">\n\t\t\t\t\t\t<div class=\"elementor-element elementor-element-c8a15af elementor-widget elementor-widget-single-icon-item\" data-id=\"c8a15af\" data-element_type=\"widget\" data-widget_type=\"single-icon-item.default\">\n\t\t\t\t<div class=\"elementor-widget-container\">\n\t\t\t\r\n      <div class=\"single-features text-left\">\r\n      \t         \t<div class=\"features-icon\">\r\n         \t\t<i class=\"ifs-icon fal fa-meteor\"><\/i>\r\n         \t<\/div>\r\n                  <div class=\"features-content typography_style\">\r\n                        <h4 >\r\n            \t<a href=\"#\" target=\"_blank\" rel=\"nofollow\" class=\"icon-box-btn\">We protect your cargo<\/a>            <\/h4>\r\n         \t            <p >Our logistics systems guarantee that your cargo will arrive in perfect condition and will comply with all insurance in case of force majeure.<\/p>\r\n                        <div class=\"read-more\">\r\n            <a href=\"#\" target=\"_blank\" rel=\"nofollow\" class=\"icon-box-btn\">Read More<\/a>           \t<\/div>\r\n           \t         <\/div>\r\n      <\/div>\r\n\r\n      \t\t<\/div>\n\t\t\t\t<\/div>\n\t\t\t\t\t\t<\/div>\n\t\t\t\t\t<\/div>\n\t\t<\/div>\n\t\t\t\t<div class=\"elementor-column elementor-col-33 elementor-inner-column elementor-element elementor-element-0e50aa9\" data-id=\"0e50aa9\" data-element_type=\"column\">\n\t\t\t<div class=\"elementor-column-wrap elementor-element-populated\">\n\t\t\t\t\t\t\t<div class=\"elementor-widget-wrap\">\n\t\t\t\t\t\t<div class=\"elementor-element elementor-element-4cbc811 elementor-widget elementor-widget-single-icon-item\" data-id=\"4cbc811\" data-element_type=\"widget\" data-widget_type=\"single-icon-item.default\">\n\t\t\t\t<div class=\"elementor-widget-container\">\n\t\t\t\r\n      <div class=\"single-features text-left\">\r\n      \t         \t<div class=\"features-icon\">\r\n         \t\t<i class=\"ifs-icon fal fa-map-marked-alt\"><\/i>\r\n         \t<\/div>\r\n                  <div class=\"features-content typography_style\">\r\n                        <h4 >\r\n            \t<a href=\"#\" target=\"_blank\" rel=\"nofollow\" class=\"icon-box-btn\">Better sea routes<\/a>            <\/h4>\r\n         \t            <p >Our certified routes allow your cargo to arrive faster and the cost of transportation is lower, 100% efficiency.<\/p>\r\n                        <div class=\"read-more\">\r\n            <a href=\"#\" target=\"_blank\" rel=\"nofollow\" class=\"icon-box-btn\">Read More<\/a>           \t<\/div>\r\n           \t         <\/div>\r\n      <\/div>\r\n\r\n      \t\t<\/div>\n\t\t\t\t<\/div>\n\t\t\t\t\t\t<\/div>\n\t\t\t\t\t<\/div>\n\t\t<\/div>\n\t\t\t\t\t\t\t\t<\/div>\n\t\t\t\t\t<\/div>\n\t\t<\/section>\n\t\t\t\t<section class=\"elementor-section elementor-inner-section elementor-element elementor-element-5c37423 elementor-section-boxed elementor-section-height-default elementor-section-height-default\" data-id=\"5c37423\" data-element_type=\"section\">\n\t\t\t\t\t\t<div class=\"elementor-container elementor-column-gap-default\">\n\t\t\t\t\t\t\t<div class=\"elementor-row\">\n\t\t\t\t\t<div class=\"elementor-column elementor-col-33 elementor-inner-column elementor-element elementor-element-9a70671\" data-id=\"9a70671\" data-element_type=\"column\">\n\t\t\t<div class=\"elementor-column-wrap elementor-element-populated\">\n\t\t\t\t\t\t\t<div class=\"elementor-widget-wrap\">\n\t\t\t\t\t\t<div class=\"elementor-element elementor-element-567ba52 elementor-widget elementor-widget-single-icon-item\" data-id=\"567ba52\" data-element_type=\"widget\" data-widget_type=\"single-icon-item.default\">\n\t\t\t\t<div class=\"elementor-widget-container\">\n\t\t\t\r\n      <div class=\"single-features text-left\">\r\n      \t         \t<div class=\"features-icon\">\r\n         \t\t<i class=\"ifs-icon fal fa-shield-alt\"><\/i>\r\n         \t<\/div>\r\n                  <div class=\"features-content typography_style\">\r\n                        <h4 >\r\n            \t<a href=\"#\" target=\"_blank\" rel=\"nofollow\" class=\"icon-box-btn\">We comply with the regulations<\/a>            <\/h4>\r\n         \t            <p >Our company has all the legal documentation that allows us to provide you with the best maritime cargo transport services and land transport to port.<\/p>\r\n                        <div class=\"read-more\">\r\n            <a href=\"#\" target=\"_blank\" rel=\"nofollow\" class=\"icon-box-btn\">Read More<\/a>           \t<\/div>\r\n           \t         <\/div>\r\n      <\/div>\r\n\r\n      \t\t<\/div>\n\t\t\t\t<\/div>\n\t\t\t\t\t\t<\/div>\n\t\t\t\t\t<\/div>\n\t\t<\/div>\n\t\t\t\t<div class=\"elementor-column elementor-col-33 elementor-inner-column elementor-element elementor-element-853bd69\" data-id=\"853bd69\" data-element_type=\"column\">\n\t\t\t<div class=\"elementor-column-wrap elementor-element-populated\">\n\t\t\t\t\t\t\t<div class=\"elementor-widget-wrap\">\n\t\t\t\t\t\t<div class=\"elementor-element elementor-element-15c07d8 elementor-widget elementor-widget-single-icon-item\" data-id=\"15c07d8\" data-element_type=\"widget\" data-widget_type=\"single-icon-item.default\">\n\t\t\t\t<div class=\"elementor-widget-container\">\n\t\t\t\r\n      <div class=\"single-features text-left\">\r\n      \t         \t<div class=\"features-icon\">\r\n         \t\t<i class=\"ifs-icon fal fa-credit-card\"><\/i>\r\n         \t<\/div>\r\n                  <div class=\"features-content typography_style\">\r\n                        <h4 >\r\n            \t<a href=\"#\" target=\"_blank\" rel=\"nofollow\" class=\"icon-box-btn\">Easy and secure payment methods<\/a>            <\/h4>\r\n         \t            <p >We have different payment gateways according to your needs, in this way we provide you with a more comfortable and secure service.<\/p>\r\n                        <div class=\"read-more\">\r\n            <a href=\"#\" target=\"_blank\" rel=\"nofollow\" class=\"icon-box-btn\">Read More<\/a>           \t<\/div>\r\n           \t         <\/div>\r\n      <\/div>\r\n\r\n      \t\t<\/div>\n\t\t\t\t<\/div>\n\t\t\t\t\t\t<\/div>\n\t\t\t\t\t<\/div>\n\t\t<\/div>\n\t\t\t\t<div class=\"elementor-column elementor-col-33 elementor-inner-column elementor-element elementor-element-8317a02\" data-id=\"8317a02\" data-element_type=\"column\" data-settings=\"{&quot;background_background&quot;:&quot;classic&quot;}\">\n\t\t\t<div class=\"elementor-column-wrap elementor-element-populated\">\n\t\t\t\t\t<div class=\"elementor-background-overlay\"><\/div>\n\t\t\t\t\t\t\t<div class=\"elementor-widget-wrap\">\n\t\t\t\t\t\t<div class=\"elementor-element elementor-element-25d129e elementor-widget elementor-widget-section-head\" data-id=\"25d129e\" data-element_type=\"widget\" data-widget_type=\"section-head.default\">\n\t\t\t\t<div class=\"elementor-widget-container\">\n\t\t\t\t\t<div class=\"section-title\">\r\n\t\t\t            <span class=\"line wow\">Request information<\/span>\r\n                        <h2>\r\n            \t            \t<span class=\"tl1\" >Do you want a quote?<\/span>\r\n            \t            <\/h2>\r\n                  <\/div>\r\n\t\t\t<\/div>\n\t\t\t\t<\/div>\n\t\t\t\t<div class=\"elementor-element elementor-element-a93436c elementor-widget elementor-widget-geoport-button\" data-id=\"a93436c\" data-element_type=\"widget\" data-widget_type=\"geoport-button.default\">\n\t\t\t\t<div class=\"elementor-widget-container\">\n\t\t\t\t\t<div class=\"geoport-button-wrapper\">\r\n\t\t<a href=\"https:\/\/wa.me\/+2977333025\" target=\"_blank\" rel=\"nofollow\" class=\"geoport-btn btn\"><i class=\"ifs-icon fal fa-paper-plane\">\r\n\t\t\t<\/i>Apply Now<\/a>\t\t<\/div>\r\n\t\t\t<\/div>\n\t\t\t\t<\/div>\n\t\t\t\t\t\t<\/div>\n\t\t\t\t\t<\/div>\n\t\t<\/div>\n\t\t\t\t\t\t\t\t<\/div>\n\t\t\t\t\t<\/div>\n\t\t<\/section>\n\t\t\t\t\t\t<\/div>\n\t\t\t\t\t<\/div>\n\t\t<\/div>\n\t\t\t\t\t\t\t\t<\/div>\n\t\t\t\t\t<\/div>\n\t\t<\/section>\n\t\t\t\t\t\t<\/div>\n\t\t\t\t\t\t<\/div>\n\t\t\t\t\t<\/div>","protected":false},"excerpt":{"rendered":"<p>Servicios Que hacemos Servicios Empaque y embalaje Le brindamos servicios de empaque y embalaje para la exportaci\u00f3n o importaci\u00f3n de sus productos. Transporte terrestre a puertos Transportamos su mercanc\u00eda hasta puertos de cargue mar\u00edtimo en Colombia. Aduanas y cargue Le brindamos el servicio de gesti\u00f3n ante aduana y cargue y descargue de mercancia en puerto. [&hellip;]<\/p>","protected":false},"author":1,"featured_media":0,"parent":0,"menu_order":0,"comment_status":"closed","ping_status":"closed","template":"page-template\/blank-page-sidebar.php","meta":{"amp_status":"","footnotes":""},"class_list":["post-1246","page","type-page","status-publish","hentry"],"_links":{"self":[{"href":"https:\/\/morganimportexport.com\/en\/wp-json\/wp\/v2\/pages\/1246","targetHints":{"allow":["GET"]}}],"collection":[{"href":"https:\/\/morganimportexport.com\/en\/wp-json\/wp\/v2\/pages"}],"about":[{"href":"https:\/\/morganimportexport.com\/en\/wp-json\/wp\/v2\/types\/page"}],"author":[{"embeddable":true,"href":"https:\/\/morganimportexport.com\/en\/wp-json\/wp\/v2\/users\/1"}],"replies":[{"embeddable":true,"href":"https:\/\/morganimportexport.com\/en\/wp-json\/wp\/v2\/comments?post=1246"}],"version-history":[{"count":4,"href":"https:\/\/morganimportexport.com\/en\/wp-json\/wp\/v2\/pages\/1246\/revisions"}],"predecessor-version":[{"id":3287,"href":"https:\/\/morganimportexport.com\/en\/wp-json\/wp\/v2\/pages\/1246\/revisions\/3287"}],"wp:attachment":[{"href":"https:\/\/morganimportexport.com\/en\/wp-json\/wp\/v2\/media?parent=1246"}],"curies":[{"name":"wp","href":"https:\/\/api.w.org\/{rel}","templated":true}]}}